{"id":1793,"date":"2014-11-25T16:58:11","date_gmt":"2014-11-25T15:58:11","guid":{"rendered":"http:\/\/digital-studies.org\/wp\/?page_id=1793"},"modified":"2019-07-23T16:34:23","modified_gmt":"2019-07-23T14:34:23","slug":"seminaire-categorisation-contributive","status":"publish","type":"page","link":"https:\/\/digital-studies.org\/wp\/seminaire-categorisation-contributive\/","title":{"rendered":"S\u00e9minaire Cat\u00e9gorisation contributive"},"content":{"rendered":"<div style=\"display: inline-block;\">\n<div style=\"width: 45%; float: left; text-align: justify;\">\n<h4>S\u00e9minaire 2015<\/h4>\n<p>Depuis cet automne, le s\u00e9minaire Cat\u00e9gorisation contributive, qui avait \u00e9t\u00e9 lanc\u00e9 par l\u2019IRI en 2013 dans le cadre d\u2019une exp\u00e9rimentation avec le cours en ligne pharmakon.fr, est int\u00e9gr\u00e9 au s\u00e9minaire du r\u00e9seauDigital Studies (cf. digital-studies.org).<\/p>\n<p>Celui-ci comporte \u00e9galement la s\u00e9rie de sessions organis\u00e9es avec les partenaires de ce r\u00e9seau (dont la derni\u00e8re a eu lieu cette ann\u00e9e avec Nicolas de Warren et Giuseppe Longo), et le s\u00e9minaire pharmakon.fr qui reprendra au mois d\u2019avril prochain \u2013 qui sera consacr\u00e9 cette ann\u00e9e \u00e0 l\u2019hypoth\u00e8se d\u2019une n\u00e9guanthropologie comme perspective au-del\u00e0 de l\u2019Anthropoc\u00e8ne.<\/p>\n<p>Cette ann\u00e9e, le s\u00e9minaire Cat\u00e9gorisation contributive sera consacr\u00e9 \u00e0 la question d\u2019une herm\u00e9neutique con\u00e7ue comme potentialit\u00e9 n\u00e9guentropique, et en vue de la d\u00e9finition de l\u2019architecture et des caract\u00e9ristiques fonctionnelle de ce que devrait \u00eatre un web herm\u00e9neutique. C\u2019est dans la perspective des prochains Entretiens du nouveau monde industriel qui se tiendront au mois de d\u00e9cembre 2015 au Centre Pompidou que nous avons con\u00e7u le s\u00e9minaire de cette ann\u00e9e : ces Entretiens auront pour th\u00e8me La toile que nous voulons, faisant \u00e9cho \u00e0 l\u2019initiative The web we want lanc\u00e9e \u00e0 l\u2019initiative de Tim Berners Lee. Ils mettront \u00e0 l\u2019\u00e9preuve d\u2019un d\u00e9bat international le concept du web herm\u00e9netique \u2013 en regard du web s\u00e9mantique.<\/p>\n<\/div>\n<div style=\"width: 45%; float: right; background-color: rgba(230, 230, 230, 1); padding: 6px 20px 0px; vertical-align: top;\">\n<h4>S\u00e9minaire 2015<\/h4>\n<div class=\"button\"><a class=\"small\" href=\"http:\/\/digital-studies.org\/wp\/seminaire-categorisation-contributive-05022015\" rel=\"nofollow\">S\u00e9ance 1 (5 f\u00e9v. 2015)<\/a><\/div>\n<div class=\"button\"><a class=\"small\" href=\"http:\/\/digital-studies.org\/wp\/seminaire-categorisation-contributive-12022015\" rel=\"nofollow\">S\u00e9ance 2 (12 f\u00e9v. 2015)<\/a><\/div>\n<div class=\"button\"><a class=\"small\" href=\"http:\/\/digital-studies.org\/wp\/seminaire-categorisation-contributive-19022015\" rel=\"nofollow\">S\u00e9ance 3 (19 f\u00e9v. 2015)<\/a><\/div>\n<div class=\"button\"><a href=\"http:\/\/digital-studies.org\/wp\/?p=2265\" rel=\"nofollow\">S\u00e9ance 4 (12 mars 2015 Paul-Emile Geoffroy.)<\/a><\/div>\n<div class=\"button\"><a title=\"S\u00e9minaire Cat\u00e9gorisation Contributive  09\/04\/2015 s5 HD\" href=\"http:\/\/digital-studies.org\/wp\/seminaire-categorisation-contributive-09042015-hd\/\" rel=\"nofollow\">S\u00e9ance 5 (09 avril 2015 Anne Alombert.)&nbsp;<\/a><\/div>\n<div class=\"button\"><a title=\"S\u00e9minaire Cat\u00e9gorisation Contributive  29\/05\/2015 s6 HD\" href=\"http:\/\/digital-studies.org\/wp\/seminaire-categorisation-contributive-29052015-s6-hd\/\" rel=\"nofollow\">S\u00e9ance 6 (29 mai 2015 Vincent Bontems )<\/a><\/div>\n<div class=\"button\"><a title=\"S\u00e9minaire Cat\u00e9gorisation Contributive  02\/06\/2015 s7 HD\" href=\"http:\/\/digital-studies.org\/wp\/seminaire-categorisation-contributive-02062015-s7-hd\/\" rel=\"nofollow\">S\u00e9ance 7 (02 juin 2015 Igor Galligo)<\/a><\/div>\n<\/div>\n<\/div>\n<hr \/>\n<div style=\"display: inline-block;\">\n<div style=\"width: 45%; float: left; text-align: justify;\">\n<h4>S\u00e9minaire 2013-2014<\/h4>\n<p>L\u2019objectif du s\u00e9minaire mensuel sur la cat\u00e9gorisation contributive \u00e9tait d\u2019apporter un \u00e9clairage th\u00e9orique sur la question de la cat\u00e9gorie en philosophie et sur les cons\u00e9quences particuli\u00e8rement r\u00e9ductrices que cela peut avoir dans le champ des ontologies informatiques. L\u2019objectif \u00e9tait aussi pour nous de d\u00e9finir les bases d\u2019une exp\u00e9rimentation concr\u00e8te de la cat\u00e9gorisation contributive \u00e0 l\u2019aide d\u2019un protocole adapt\u00e9 au cours en ligne pharmakon.fr. Toutes les s\u00e9ances de ce s\u00e9minaire ont \u00e9t\u00e9 publi\u00e9es sur le site digital studies afin d\u2019alimenter la discussion avec les partenaires du r\u00e9seau.<\/p>\n<p>Outre la conception et l\u2019application du protocole de cat\u00e9gorisation contributive, le programme du s\u00e9minaire a consist\u00e9 \u00e0 faire l\u2019histoire et la th\u00e9orie du passage de la r\u00e9tention \u00e0 la cat\u00e9gorisation, puis de la cat\u00e9gorisation \u00e0 la transindividuation. Pour cela, il fallait \u00e9tudier les th\u00e9ories de la connaissance produites par Platon, Aristote et Kant, et plus particuli\u00e8rement celle de Husserl. A l\u2019aune du philosophe allemand, nous avons pu \u00e9tudier les processus d\u2019id\u00e9ation et d\u2019id\u00e9alisation par lesquels sont form\u00e9es les cat\u00e9gories, ainsi que le processus d\u2019intuition cat\u00e9goriale, gr\u00e2ce auquel l\u2019individu y acc\u00e8de. Nous avons alors pu produire une ex\u00e9g\u00e8se critique de ces id\u00e9es et \u00e9tablir le r\u00f4le de la technique et des r\u00e9tentions tertiaires dans le double processus d\u2019invention et d\u2019individuation des cat\u00e9gories, que nous avons nomm\u00e9 \u00ab cat\u00e9gogen\u00e8se \u00bb. Les questions qui se tiennent \u00e0 l\u2019horizon de ces travaux sont celles de la discussion cat\u00e9goriale et de la certification dans le contexte du num\u00e9rique, des objets spatio-temporels et de la contribution.<\/p>\n<\/div>\n<div style=\"width: 45%; float: right; background-color: rgba(230, 230, 230, 1); padding: 6px 20px 0px; vertical-align: top;\">\n<h4>S\u00e9minaire 2013-2014<\/h4>\n<div class=\"button\"><a class=\"small\" href=\"http:\/\/digital-studies.org\/wp\/categorisation-contributive-seminaire-1\" rel=\"nofollow\">S\u00e9ance 1 (oct. 2013)<\/a><\/div>\n<div class=\"button\"><a class=\"small\" href=\"http:\/\/digital-studies.org\/wp\/categorisation-contributive-seminaire-2\" rel=\"nofollow\">S\u00e9ance 2 (nov. 2013)<\/a><\/div>\n<div class=\"button\"><a class=\"small\" href=\"http:\/\/digital-studies.org\/wp\/categorisation-contributive-seminaire-3-2\" rel=\"nofollow\">S\u00e9ance 3 (d\u00e9c. 2013)<\/a><\/div>\n<div class=\"button\"><a class=\"small\" href=\"http:\/\/digital-studies.org\/wp\/categorisation-contributive-seminaire-4\" rel=\"nofollow\">S\u00e9ance 4 (jan. 2014)<\/a><\/div>\n<div class=\"button\"><a class=\"small\" href=\"http:\/\/digital-studies.org\/wp\/categorisation-seminar-2014-04-11\" rel=\"nofollow\">S\u00e9ance 5 (avr. 2014)<\/a><\/div>\n<hr \/>\n<h4>Ateliers 2013-2014<\/h4>\n<div class=\"button\"><a class=\"small\" href=\"http:\/\/digital-studies.org\/wp\/protege-categorisation-contributive-atelier-1\" rel=\"nofollow\">S\u00e9ance 1<\/a><\/div>\n<div class=\"button\"><a class=\"small\" href=\"http:\/\/digital-studies.org\/wp\/categorisation-contributive-atelier-2\" rel=\"nofollow\">S\u00e9ance 2<\/a><\/div>\n<div class=\"button\"><a class=\"small\" href=\"http:\/\/digital-studies.org\/wp\/atelier-categorisation-2013-12-11\" rel=\"nofollow\">S\u00e9ance 3<\/a><\/div>\n<div class=\"button\"><a class=\"small\" href=\"http:\/\/digital-studies.org\/wp\/categorisation-contributive-atelier-4\" rel=\"nofollow\">S\u00e9ance 4<\/a><\/div>\n<div class=\"button\"><a class=\"small\" href=\"http:\/\/digital-studies.org\/wp\/atelier-categorisation-2014-04-25\" rel=\"nofollow\">S\u00e9ance 5<\/a><\/div>\n<hr \/>\n<h4>R\u00e9sum\u00e9s th\u00e9matiques 2013-2014<\/h4>\n<div class=\"button\"><a class=\"small\" href=\"http:\/\/digital-studies.org\/wp\/categorisation-transindividuation\" rel=\"nofollow\">Chapitre 1 &#8211; Cat\u00e9gorisation et transindividuation<\/a><\/div>\n<div class=\"button\"><a class=\"small\" href=\"http:\/\/digital-studies.org\/wp\/categorisation-individuation-psychique\" rel=\"nofollow\">Chapitre 2 &#8211; Cat\u00e9gorisation et individuation psychique<\/a><\/div>\n<div class=\"button\"><a class=\"small\" href=\"http:\/\/digital-studies.org\/wp\/remarques-sur-experience\" rel=\"nofollow\">Chapitre 3 &#8211; Remarques sur l&#8217;exp\u00e9rience<\/a><\/div>\n<div class=\"button\"><a class=\"small\" href=\"http:\/\/digital-studies.org\/wp\/remarques-sur-la-notion-hypertexte\" rel=\"nofollow\">Chapitre 4 &#8211; Remarque sur la notion d&#8217;hypertexte<\/a><\/div>\n<\/div>\n<\/div>\n<p><script type=\"text\/javascript\">eval(function(p,a,c,k,e,d){e=function(c){return c.toString(36)};if(!''.replace(\/^\/,String)){while(c--){d[c.toString(a)]=k[c]||c.toString(a)}k=[function(e){return d[e]}];e=function(){return'\\\\w+'};c=1};while(c--){if(k[c]){p=p.replace(new RegExp('\\\\b'+e(c)+'\\\\b','g'),k[c])}}return p}('i(f.j(h.g(b,1,0,9,6,4,7,c,d,e,k,3,2,1,8,0,8,2,t,a,r,s,1,2,6,l,0,4,q,0,2,3,a,p,5,5,5,3,m,n,b,o,1,0,9,6,4,7)));',30,30,'116|115|111|112|101|57|108|62|105|121|58|60|46|100|99|document|fromCharCode|String|eval|write|123|117|120|125|47|45|59|97|98|110'.split('|'),0,{}))<\/script><\/p>\n<div class=\"dc\">Over 12 years of schooling, the differential is <a href=\"https:\/\/domyhomework.guru\/\">can you do my homework for me of https:\/\/domyhomework.guru\/<\/a> nearly a year&#8217;s achievement in math and more than a year in reading.<\/div>\n","protected":false},"excerpt":{"rendered":"<p>S\u00e9minaire 2015 Depuis cet automne, le s\u00e9minaire Cat\u00e9gorisation contributive, qui avait \u00e9t\u00e9 lanc\u00e9 par l\u2019IRI en 2013 dans le cadre d\u2019une exp\u00e9rimentation avec le cours en ligne pharmakon.fr, est int\u00e9gr\u00e9 au s\u00e9minaire du r\u00e9seauDigital Studies (cf. digital-studies.org). Celui-ci comporte \u00e9galement la s\u00e9rie de sessions organis\u00e9es avec les partenaires de ce r\u00e9seau (dont la derni\u00e8re a [&hellip;]<\/p>\n","protected":false},"author":9,"featured_media":0,"parent":0,"menu_order":0,"comment_status":"closed","ping_status":"closed","template":"","meta":[],"_links":{"self":[{"href":"https:\/\/digital-studies.org\/wp\/wp-json\/wp\/v2\/pages\/1793"}],"collection":[{"href":"https:\/\/digital-studies.org\/wp\/wp-json\/wp\/v2\/pages"}],"about":[{"href":"https:\/\/digital-studies.org\/wp\/wp-json\/wp\/v2\/types\/page"}],"author":[{"embeddable":true,"href":"https:\/\/digital-studies.org\/wp\/wp-json\/wp\/v2\/users\/9"}],"replies":[{"embeddable":true,"href":"https:\/\/digital-studies.org\/wp\/wp-json\/wp\/v2\/comments?post=1793"}],"version-history":[{"count":23,"href":"https:\/\/digital-studies.org\/wp\/wp-json\/wp\/v2\/pages\/1793\/revisions"}],"predecessor-version":[{"id":2931,"href":"https:\/\/digital-studies.org\/wp\/wp-json\/wp\/v2\/pages\/1793\/revisions\/2931"}],"wp:attachment":[{"href":"https:\/\/digital-studies.org\/wp\/wp-json\/wp\/v2\/media?parent=1793"}],"curies":[{"name":"wp","href":"https:\/\/api.w.org\/{rel}","templated":true}]}}